{"id":22,"date":"2021-12-07T17:25:59","date_gmt":"2021-12-07T17:25:59","guid":{"rendered":"https:\/\/websitebuilder-demo.net\/scooterrental\/?page_id=22"},"modified":"2024-09-12T18:24:32","modified_gmt":"2024-09-12T18:24:32","slug":"nosotros","status":"publish","type":"page","link":"https:\/\/theenglishchurcheast.com\/en\/nosotros\/","title":{"rendered":"Nosotros"},"content":{"rendered":"<div class=\"brz-root__container brz-reset-all brz\">\n<section id=\"mfwxudxxyxtkywuveoeyxghsmrfmadlwsdtg\" data-brz-iteration-count=\"1\" class=\"brz-section brz-css-fIl5Z brz-animated brz-css-aqxRv brz-css-p_ZuX\">\n<div class=\"brz-section__content brz-section--boxed brz-css-kZKLH brz-css-cKQpq\" data-brz-custom-id=\"pqvhenowiuwvcvkqobittbkqwqextuimiofn\">\n<div class=\"brz-bg\">\n<div class=\"brz-bg-color\"><\/div>\n<\/div>\n<div class=\"brz-container brz-css-zVGkn brz-css-xC_rq\">\n<div class=\"brz-row__container brz-css-uymwl\" data-brz-custom-id=\"jwpiodokmhgktrdjvfmvowywybehuyvlktcf\">\n<div class=\"brz-bg\"><\/div>\n<div class=\"brz-row brz-css-dxV1y brz-css-mCSwV\">\n<div class=\"brz-columns brz-css-cINjm brz-css-yZmdh\" data-brz-custom-id=\"orhqsotodtgdjrvzopcybafesuyhkwraoitz\">\n<div class=\"brz-bg\">\n<div class=\"brz-bg-image\"><\/div>\n<div class=\"brz-bg-color\"><\/div>\n<\/div>\n<div class=\"brz-column__items brz-css-q0jEp brz-css-onC7A\">\n<div id=\"\" class=\"brz-css-yXjQM brz-css-lOgMq brz-wrapper\">\n<div class=\"brz-spacer brz-css-cP09w brz-css-gSmAF\"><\/div>\n<\/div>\n<div id=\"\" class=\"brz-css-yXjQM brz-css-ibkUr brz-wrapper\">\n<div class=\"brz-rich-text brz-rich-text__custom brz-css-tAOzX\" data-brz-custom-id=\"xxlmweliczctvvkdlnhnbibyjheabhyuovts\">\n<div data-brz-translate-text=\"1\">\n<p class=\"brz-tp-lg-heading2 brz-text-lg-center brz-css-jK3OD\" data-uniq-id=\"wagjr\" data-generated-css=\"brz-css-ktuho\"><span class=\"brz-cp-color8\">Nosotros<\/span><\/p>\n<\/div>\n<\/div>\n<\/div>\n<\/div>\n<\/div>\n<\/div>\n<\/div>\n<\/div>\n<\/div>\n<\/section>\n<section id=\"hhaugxljihcfqgdccpauosuclafrklpflobp\" data-brz-iteration-count=\"1\" class=\"brz-section brz-css-fIl5Z brz-animated brz-css-aqxRv brz-css-sNRbL\">\n<div class=\"brz-section__content brz-section--boxed brz-css-kZKLH brz-css-lj_WG\" data-brz-custom-id=\"iiqpzjuvzmrkvkjqixkpkfqzluwikditlkfd\">\n<div class=\"brz-bg\">\n<div class=\"brz-bg-color\"><\/div>\n<\/div>\n<div class=\"brz-container brz-css-zVGkn\">\n<div class=\"brz-row__container brz-css-uymwl\" data-brz-custom-id=\"blywhhriasejtpffqniccyzplymckgzvbcge\">\n<div class=\"brz-bg\"><\/div>\n<div class=\"brz-row brz-css-dxV1y brz-css-mCSwV\">\n<div class=\"brz-columns brz-css-cINjm brz-css-r6aug\" data-brz-custom-id=\"fgfnjnwvpmtbqjrcuhtdebxmiukuufejzsjn\">\n<div class=\"brz-bg\"><\/div>\n<div class=\"brz-column__items brz-css-q0jEp brz-css-drYzg\">\n<div class=\"brz-row__container brz-css-uymwl\" data-brz-custom-id=\"ytvftjggkfhfijryxybicnmbvfdpmchcpabu\">\n<div class=\"brz-bg\"><\/div>\n<div class=\"brz-row brz-row--inner brz-css-dxV1y brz-css-mCSwV\">\n<div class=\"brz-columns brz-css-cINjm brz-css-mrkwN\" data-brz-custom-id=\"jsrgmpfshiorqepisjxxpnjtikooqazmnfoa\">\n<div class=\"brz-bg\">\n<div class=\"brz-bg-image\"><\/div>\n<\/div>\n<div class=\"brz-column__items brz-css-q0jEp brz-css-xciq0\">\n<div id=\"\" class=\"brz-css-yXjQM brz-css-lOgMq brz-wrapper\">\n<div class=\"brz-spacer brz-css-cP09w brz-css-jnnRB\"><\/div>\n<\/div>\n<\/div>\n<\/div>\n<div class=\"brz-columns brz-css-cINjm brz-css-pQrfY\" data-brz-custom-id=\"ijeshgfjyhnnngepjcjwgesqhkzatsdpchbx\">\n<div class=\"brz-bg\">\n<div class=\"brz-bg-image\"><\/div>\n<\/div>\n<div class=\"brz-column__items brz-css-q0jEp brz-css-jQdWp\">\n<div id=\"\" class=\"brz-css-yXjQM brz-css-lOgMq brz-wrapper\">\n<div class=\"brz-spacer brz-css-cP09w\"><\/div>\n<\/div>\n<\/div>\n<\/div>\n<\/div>\n<\/div>\n<\/div>\n<\/div>\n<div class=\"brz-columns brz-css-cINjm brz-css-qpJrX\" data-brz-custom-id=\"ngivrjigxnwpuovsqlrrnycjnyltrtdavdfl\">\n<div class=\"brz-bg\"><\/div>\n<div class=\"brz-column__items brz-css-q0jEp brz-css-wx6Aw\">\n<div id=\"\" class=\"brz-css-yXjQM brz-css-vww0f brz-wrapper\">\n<div class=\"brz-rich-text brz-rich-text__custom brz-css-tAOzX\" data-brz-custom-id=\"oeoubeipiizrgxhfiperpnydvijluddwuikp\">\n<div data-brz-translate-text=\"1\">\n<p class=\"brz-tp-lg-heading2 brz-css-g51zt\" data-generated-css=\"brz-css-lycfw\" data-uniq-id=\"rjgbs\"><span class=\"brz-cp-color1\">Somos una Comunidad de Fe Vibrante y Diversa.<\/span><\/p>\n<\/div>\n<\/div>\n<\/div>\n<div id=\"\" class=\"brz-css-yXjQM brz-css-lOgMq brz-wrapper\">\n<div class=\"brz-spacer brz-css-cP09w brz-css-eLnOB\"><\/div>\n<\/div>\n<div id=\"\" class=\"brz-css-yXjQM brz-css-p0G84 brz-wrapper\">\n<div class=\"brz-rich-text brz-rich-text__custom brz-css-tAOzX\" data-brz-custom-id=\"tfncefbwbmuwwidokqwflaaehgimmmeitpbh\">\n<div data-brz-translate-text=\"1\">\n<p class=\"brz-tp-lg-paragraph brz-css-iEExL\" data-uniq-id=\"nvoiI\" data-generated-css=\"brz-css-cluu6\"><span class=\"brz-cp-color7\"> <\/span><\/p>\n<p class=\"brz-tp-lg-paragraph brz-css-ikOp1\" data-uniq-id=\"vIm5I\" data-generated-css=\"brz-css-a9uF5\"><span class=\"brz-cp-color7\">Somos una iglesia multicultural, multigeneracional y biling\u00fce que existe para hacer disc\u00edpulos de Jesucristo en la comunidad que Dios nos ha puesto.<\/span><\/p>\n<\/div>\n<\/div>\n<\/div>\n<\/div>\n<\/div>\n<\/div>\n<\/div>\n<\/div>\n<\/div>\n<\/section>\n<section id=\"leatthgqguzhqxgzpdeputpfedyvpamspdvt\" data-brz-iteration-count=\"1\" class=\"brz-section brz-css-fIl5Z brz-animated brz-css-aqxRv brz-css-osA8z\">\n<div class=\"brz-section__content brz-section--boxed brz-css-kZKLH brz-css-rxn0Q\" data-brz-custom-id=\"zswtzheuyubdpltuhtflmceamiaulcspbcuv\">\n<div class=\"brz-bg\">\n<div class=\"brz-bg-color\"><\/div>\n<\/div>\n<div class=\"brz-container brz-css-zVGkn\">\n<div class=\"brz-row__container brz-css-uymwl brz-css-jBGQF\" data-brz-custom-id=\"qjynwixoowcaxqcksvkxknemozpunqltuzac\">\n<div class=\"brz-bg\"><\/div>\n<div class=\"brz-row brz-css-dxV1y brz-css-mCSwV\">\n<div class=\"brz-columns brz-css-cINjm brz-css-qSV51\" data-brz-custom-id=\"eheqtswgkktnnidgttiuzktfblriympwwzji\">\n<div class=\"brz-bg\"><\/div>\n<div class=\"brz-column__items brz-css-q0jEp brz-css-ap0jd\">\n<div id=\"\" class=\"brz-css-yXjQM brz-css-mHZ4B brz-wrapper\">\n<div class=\"brz-rich-text brz-rich-text__custom brz-css-tAOzX\" data-brz-custom-id=\"ebzykyqagtswhbaifldbnvfcyiubzphfrdim\">\n<div data-brz-translate-text=\"1\">\n<p class=\"brz-tp-lg-heading2 brz-css-ka6pn\" data-uniq-id=\"jbzpw\" data-generated-css=\"brz-css-fgahn\">Nuestra Misi\u00f3n.<\/p>\n<\/div>\n<\/div>\n<\/div>\n<div id=\"\" class=\"brz-css-yXjQM brz-css-lOgMq brz-wrapper\">\n<div class=\"brz-spacer brz-css-cP09w brz-css-z99Px\"><\/div>\n<\/div>\n<div id=\"\" class=\"brz-css-yXjQM brz-css-nZxpw brz-wrapper\">\n<div class=\"brz-rich-text brz-rich-text__custom brz-css-tAOzX\" data-brz-custom-id=\"xemqhjqjdguhhrsjfdxjjyckfabrpwnfkcor\">\n<div data-brz-translate-text=\"1\">\n<p class=\"brz-tp-lg-paragraph brz-css-jHQSR\" data-uniq-id=\"m8Rhl\" data-generated-css=\"brz-css-hWoPx\"><span class=\"brz-cp-color7\">Formar disc\u00edpulos completamente maduros, comprometidos a vivir y amar como Jes\u00fas, impactando a nuestras comunidades con gracia y amabilidad.<\/span><\/p>\n<p class=\"brz-tp-lg-paragraph brz-css-ysJ6p\" data-uniq-id=\"m8Rhl\" data-generated-css=\"brz-css-hWoPx\"><span class=\"brz-cp-color7\">  <\/span><\/p>\n<p class=\"brz-tp-lg-paragraph brz-css-kbPaK\" data-uniq-id=\"pKlZB\" data-generated-css=\"brz-css-mP5YL\"><span class=\"brz-cp-color7\">Visualizamos una comunidad de disc\u00edpulos completamente capacitados que ejemplifican el car\u00e1cter y la conducta de Cristo, irradiando Su amor y gracia en cada aspecto de sus vidas e impactando positivamente el mundo que los rodea. <\/span><\/p>\n<\/div>\n<\/div>\n<\/div>\n<\/div>\n<\/div>\n<div class=\"brz-columns brz-css-cINjm brz-css-jnhmY\" data-brz-custom-id=\"ttbvmkdzuaexajolikfhlbximzwpcywfrpgd\">\n<div class=\"brz-bg\"><\/div>\n<div class=\"brz-column__items brz-css-q0jEp brz-css-nCcxU\">\n<div class=\"brz-row__container brz-css-uymwl\" data-brz-custom-id=\"tmlwcehenanfyspjxrkcewqyckkvpboxnxjq\">\n<div class=\"brz-bg\"><\/div>\n<div class=\"brz-row brz-row--inner brz-css-dxV1y brz-css-mCSwV\">\n<div class=\"brz-columns brz-css-cINjm brz-css-vNNFm\" data-brz-custom-id=\"yfclztpfauohdxwnahwdqqhbbqsfkuehmmjx\">\n<div class=\"brz-bg\">\n<div class=\"brz-bg-image\"><\/div>\n<\/div>\n<div class=\"brz-column__items brz-css-q0jEp brz-css-kmjzs\">\n<div id=\"\" class=\"brz-css-yXjQM brz-css-lOgMq brz-wrapper\">\n<div class=\"brz-spacer brz-css-cP09w brz-css-pmEJ9\"><\/div>\n<\/div>\n<\/div>\n<\/div>\n<\/div>\n<\/div>\n<\/div>\n<\/div>\n<\/div>\n<\/div>\n<\/div>\n<\/div>\n<\/section>\n<section id=\"trpaajsyldhoocomtmyrkurjrmwvuwqlpkdd\" data-brz-iteration-count=\"1\" class=\"brz-section brz-css-fIl5Z brz-animated brz-css-aqxRv brz-css-pg9t9\">\n<div class=\"brz-section__content brz-section--boxed brz-css-kZKLH brz-css-vFbgK\" data-brz-custom-id=\"uybwxozwkhnalpvchoeeymiaubtxszwoqklz\">\n<div class=\"brz-bg\">\n<div class=\"brz-bg-color\"><\/div>\n<\/div>\n<div class=\"brz-container brz-css-zVGkn\">\n<div class=\"brz-row__container brz-css-uymwl\" data-brz-custom-id=\"tgqthkgioeoilaczkiktwaqxrbcdkexcvclb\">\n<div class=\"brz-bg\"><\/div>\n<div class=\"brz-row brz-css-dxV1y brz-css-mCSwV\">\n<div class=\"brz-columns brz-css-cINjm brz-css-cMGwN\" data-brz-custom-id=\"dlhguqaxhrdcqzhscfplqldnrhvbvxcluatg\">\n<div class=\"brz-bg\"><\/div>\n<div class=\"brz-column__items brz-css-q0jEp brz-css-hGK1A\">\n<div class=\"brz-row__container brz-css-uymwl\" data-brz-custom-id=\"eaqqfcoansvoqyrdotqbxvmrvkrohakkxdcc\">\n<div class=\"brz-bg\"><\/div>\n<div class=\"brz-row brz-row--inner brz-css-dxV1y brz-css-mCSwV\">\n<div class=\"brz-columns brz-css-cINjm brz-css-ujhxU\" data-brz-custom-id=\"jchidhokeogznchwlsxprtxlzffxrwfgabzi\">\n<div class=\"brz-bg\">\n<div class=\"brz-bg-image\"><\/div>\n<\/div>\n<div class=\"brz-column__items brz-css-q0jEp brz-css-uHtv4\">\n<div id=\"\" class=\"brz-css-yXjQM brz-css-lOgMq brz-wrapper\">\n<div class=\"brz-spacer brz-css-cP09w brz-css-kqOMU\"><\/div>\n<\/div>\n<\/div>\n<\/div>\n<div class=\"brz-columns brz-css-cINjm brz-css-fDgVv\" data-brz-custom-id=\"kkdmgvrvzkjonjmdelfpoeaetwesfaybacjc\">\n<div class=\"brz-bg\">\n<div class=\"brz-bg-image\"><\/div>\n<\/div>\n<div class=\"brz-column__items brz-css-q0jEp brz-css-vdUa3\">\n<div id=\"\" class=\"brz-css-yXjQM brz-css-lOgMq brz-wrapper\">\n<div class=\"brz-spacer brz-css-cP09w\"><\/div>\n<\/div>\n<\/div>\n<\/div>\n<\/div>\n<\/div>\n<\/div>\n<\/div>\n<div class=\"brz-columns brz-css-cINjm brz-css-bHeB8\" data-brz-custom-id=\"aobgghjlqtzdyasgipedblbighrltdorbvbm\">\n<div class=\"brz-bg\"><\/div>\n<div class=\"brz-column__items brz-css-q0jEp brz-css-rr_uI\">\n<div id=\"\" class=\"brz-css-yXjQM brz-css-y8Rhh brz-wrapper\">\n<div class=\"brz-rich-text brz-rich-text__custom brz-css-tAOzX\" data-brz-custom-id=\"gouwzbwfmoylqstfixbgajscnbufpquxuaxj\">\n<div data-brz-translate-text=\"1\">\n<p class=\"brz-fs-lg-48 brz-ft-google brz-ff-poppins brz-tp-lg-empty brz-lh-lg-1_4 brz-ls-lg-0 brz-fw-lg-800 brz-fss-lg-px brz-css-wrBjS\" data-uniq-id=\"kwggt\" data-generated-css=\"brz-css-vdjbp\"><span class=\"brz-cp-color1\">CONECTATE Y CRECE EN COMUNIDAD<\/span><\/p>\n<\/div>\n<\/div>\n<\/div>\n<div id=\"\" class=\"brz-css-yXjQM brz-css-lOgMq brz-wrapper\">\n<div class=\"brz-spacer brz-css-cP09w brz-css-qp71c\"><\/div>\n<\/div>\n<div id=\"\" class=\"brz-css-yXjQM brz-css-nBCyw brz-wrapper\">\n<div class=\"brz-rich-text brz-rich-text__custom brz-css-tAOzX\" data-brz-custom-id=\"dgfibuhlrrcfvwigdweephbybiccdylcbsvv\">\n<div data-brz-translate-text=\"1\">\n<p class=\"brz-tp-lg-paragraph brz-css-sNOoF\" data-uniq-id=\"pwxje\" data-generated-css=\"brz-css-cnbta\"><span class=\"brz-cp-color7\"> Aqu\u00ed, encontrar\u00e1s un lugar para todas las edades, donde los ni\u00f1os, j\u00f3venes y adultos pueden crecer en su fe y encontrar su prop\u00f3sito en la comunidad de Cristo.<\/span><\/p>\n<p class=\"brz-tp-lg-paragraph brz-css-ng1j3\" data-uniq-id=\"igktl\" data-generated-css=\"brz-css-eykwv\"><span class=\"brz-cp-color7\">Creemos en la importancia de ser una iglesia verdaderamente multigeneracional. Valoramos a todas las etapas de la vida y reconocemos que cada edad aporta una perspectiva \u00fanica a nuestra comunidad. Aqu\u00ed, no importa si eres un ni\u00f1o entusiasta, un joven lleno de preguntas o un adulto experimentado; todos tienen un lugar especial en nuestra familia de fe. <\/span><\/p>\n<\/div>\n<\/div>\n<\/div>\n<\/div>\n<\/div>\n<\/div>\n<\/div>\n<\/div>\n<\/div>\n<\/section>\n<section id=\"vuzhtfoxhsudhggjjihrkhoulymuatymtyqa\" data-brz-iteration-count=\"1\" class=\"brz-section brz-css-fIl5Z brz-animated brz-css-aqxRv brz-css-bEzGY\">\n<div class=\"brz-section__content brz-section--boxed brz-css-kZKLH brz-css-ecw9X\" data-brz-custom-id=\"jyxtmvcdvpvkovyypkvlrtknnfjduguasmpr\">\n<div class=\"brz-bg\">\n<div class=\"brz-bg-color\"><\/div>\n<\/div>\n<div class=\"brz-container brz-css-zVGkn brz-css-hGQvV\">\n<div class=\"brz-row__container brz-css-uymwl\" data-brz-custom-id=\"mdtnoouvnbnmhfdhbprvjwhuwgvxuzqektoc\">\n<div class=\"brz-bg\"><\/div>\n<div class=\"brz-row brz-css-dxV1y brz-css-mCSwV\">\n<div class=\"brz-columns brz-css-cINjm brz-css-oCRPe\" data-brz-custom-id=\"ddnuuvfgmxbylgctnixdkdmrlhadodjxapvb\">\n<div class=\"brz-bg\">\n<div class=\"brz-bg-color\"><\/div>\n<\/div>\n<div class=\"brz-column__items brz-css-q0jEp brz-css-vTXIy\">\n<div id=\"\" class=\"brz-css-yXjQM brz-css-cfRIp brz-wrapper\">\n<div class=\"brz-rich-text brz-rich-text__custom brz-css-tAOzX\" data-brz-custom-id=\"avxnpkjosaghwncpmpyyhtrxwqgqjdkooexp\">\n<div data-brz-translate-text=\"1\">\n<p class=\"brz-text-lg-center brz-tp-lg-heading2 brz-css-v6QSE\" data-generated-css=\"brz-css-gvmbh\" data-uniq-id=\"macac\"><span class=\"brz-cp-color1\">Estamos emocionados de compartir la gracia <\/span><\/p>\n<p class=\"brz-text-lg-center brz-tp-lg-heading2 brz-css-kOMVs\" data-generated-css=\"brz-css-gvmbh\" data-uniq-id=\"macac\"><span class=\"brz-cp-color1\">y el amor de Jes\u00fas.<\/span><\/p>\n<\/div>\n<\/div>\n<\/div>\n<div id=\"\" class=\"brz-css-yXjQM brz-css-lOgMq brz-wrapper\">\n<div class=\"brz-spacer brz-css-cP09w brz-css-q8fy9\"><\/div>\n<\/div>\n<div id=\"\" class=\"brz-css-yXjQM brz-css-oQD0U brz-wrapper\">\n<div class=\"brz-rich-text brz-rich-text__custom brz-css-tAOzX\" data-brz-custom-id=\"lpbfmjszqqcgpknzghfwrxjpddxawfwlfvpr\">\n<div data-brz-translate-text=\"1\">\n<p class=\"brz-text-lg-center brz-tp-lg-paragraph brz-css-yWAgu\" data-generated-css=\"brz-css-ibpbz\" data-uniq-id=\"gixhg\"><span class=\"brz-cp-color7\">No importa qui\u00e9n eres ni de d\u00f3nde vienes; eres bienvenido aqu\u00ed. Nuestra comunidad es un lugar donde la fe cobra vida, donde las relaciones se forjan y donde el prop\u00f3sito se encuentra.<\/span><\/p>\n<\/div>\n<\/div>\n<\/div>\n<\/div>\n<\/div>\n<\/div>\n<\/div>\n<\/div>\n<\/div>\n<\/section>\n<section id=\"wziyahrfqocytemmsrfnyybfvabpvjqjqkwj\" data-brz-iteration-count=\"1\" class=\"brz-section brz-css-fIl5Z brz-animated brz-css-aqxRv brz-css-j4VSX\">\n<div class=\"brz-section__content brz-section--boxed brz-css-kZKLH brz-css-g5dcI\" data-brz-custom-id=\"xazbpaeskbcngwocqkvobsyesykngcqvjbtb\">\n<div class=\"brz-bg\">\n<div class=\"brz-bg-color\"><\/div>\n<\/div>\n<div class=\"brz-container brz-css-zVGkn brz-css-kNlle\">\n<div class=\"brz-row__container brz-css-uymwl brz-css-hs32d\" data-brz-custom-id=\"fqrlvyqtvxpbvgvtzhzyomubqsumrfpabohr\">\n<div class=\"brz-bg\">\n<div class=\"brz-bg-color\"><\/div>\n<\/div>\n<div class=\"brz-row brz-css-dxV1y brz-css-lK16W\">\n<div class=\"brz-columns brz-css-cINjm brz-css-t1nyN\" data-brz-custom-id=\"dohqluifthhykivlwsutxboyirggpyfjyrgw\">\n<div class=\"brz-bg\"><\/div>\n<div class=\"brz-column__items brz-css-q0jEp brz-css-sILf2\">\n<div id=\"\" class=\"brz-css-yXjQM brz-css-d4N_5 brz-wrapper\">\n<div class=\"brz-rich-text brz-rich-text__custom brz-css-tAOzX\" data-brz-custom-id=\"hdtnwuwgmlojodwkeztlbamlgtomynhkljbr\">\n<div data-brz-translate-text=\"1\">\n<p class=\"brz-text-xs-center brz-tp-lg-heading2 brz-css-kAfMd\" data-uniq-id=\"gnqxp\" data-generated-css=\"brz-css-loljl\"><span class=\"brz-cp-color8\">Queremos conocerte, esperamos tu llamada.<\/span><\/p>\n<\/div>\n<\/div>\n<\/div>\n<\/div>\n<\/div>\n<div class=\"brz-columns brz-css-cINjm brz-css-cQjlZ\" data-brz-custom-id=\"jorpscmqaqhhquvodcoysvzrcxbdzjmsdmuz\">\n<div class=\"brz-bg\"><\/div>\n<div class=\"brz-column__items brz-css-q0jEp brz-css-o9hcu\">\n<div id=\"\" class=\"brz-css-yXjQM brz-css-eVdNZ brz-wrapper\">\n<div class=\"brz-rich-text brz-rich-text__custom brz-css-tAOzX\" data-brz-custom-id=\"wlcpamipkwijacuhhxtnrryvmdsbyqvhpbup\">\n<div data-brz-translate-text=\"1\">\n<p class=\"brz-text-lg-right brz-text-xs-center brz-tp-lg-empty brz-ff-poppins brz-ft-google brz-fs-lg-32 brz-fss-lg-px brz-fw-lg-800 brz-ls-lg-0 brz-lh-lg-1_4 brz-css-qoU7R\" data-generated-css=\"brz-css-zherw\" data-uniq-id=\"rgwdl\"><span class=\"brz-cp-color8\">+1 (809) 709-9616 (Espa\u00f1ol)<\/span><\/p>\n<p class=\"brz-text-lg-right brz-text-xs-center brz-tp-lg-empty brz-ff-poppins brz-ft-google brz-fs-lg-32 brz-fss-lg-px brz-fw-lg-800 brz-ls-lg-0 brz-lh-lg-1_4 brz-css-kRg1t\" data-generated-css=\"brz-css-pqrxn\" data-uniq-id=\"ivazl\"><span class=\"brz-cp-color8\">+1 (849) 207-8504 ( Ingles) <\/span><\/p>\n<\/div>\n<\/div>\n<\/div>\n<div id=\"\" class=\"brz-css-yXjQM brz-css-lOgMq brz-wrapper\">\n<div class=\"brz-spacer brz-css-cP09w brz-css-stfdr\"><\/div>\n<\/div>\n<div class=\"brz-wrapper-clone brz-css-zuE_J brz-css-gKxj0\">\n<div class=\"brz-d-xs-flex brz-flex-xs-wrap brz-css-nN0Oo brz-css-xG9MV\" data-brz-custom-id=\"\">\n<div class=\"brz-wrapper-clone__item\" id=\"icisfwrvcjwfhvwcemrsjcwhynwieoxrtxoq\"><a class=\"brz-a brz-btn brz-css-lRlL4 brz-css-lIIKU\" href=\"https:\/\/theenglishchurcheast.com\/en\/contacto\/\" target=\"_self\" rel=\"noopener\" data-brz-link-type=\"external\" data-brz-custom-id=\"icisfwrvcjwfhvwcemrsjcwhynwieoxrtxoq\"><span data-brz-translate-text=\"1\" class=\"brz-span brz-text__editor\">Cont\u00e1ctanos<\/span><\/a><\/div>\n<\/div>\n<\/div>\n<\/div>\n<\/div>\n<\/div>\n<\/div>\n<\/div>\n<\/div>\n<\/section>\n<\/div>\n<p>    <!-- version:1726165472 --><\/p>","protected":false},"excerpt":{"rendered":"<p>Nosotros Somos una Comunidad de Fe Vibrante y Diversa. Somos una iglesia multicultural, multigeneracional y biling\u00fce que existe para hacer disc\u00edpulos de Jesucristo en la comunidad que Dios nos ha [&hellip;]<\/p>","protected":false},"author":1,"featured_media":0,"parent":0,"menu_order":0,"comment_status":"closed","ping_status":"closed","template":"brizy-blank-template.php","meta":{"_price":"","_stock":"","_tribe_ticket_header":"","_tribe_default_ticket_provider":"","_tribe_ticket_capacity":"0","_ticket_start_date":"","_ticket_end_date":"","_tribe_ticket_show_description":"","_tribe_ticket_show_not_going":false,"_tribe_ticket_use_global_stock":"","_tribe_ticket_global_stock_level":"","_global_stock_mode":"","_global_stock_cap":"","_tribe_rsvp_for_event":"","_tribe_ticket_going_count":"","_tribe_ticket_not_going_count":"","_tribe_tickets_list":"[]","_tribe_ticket_has_attendee_info_fields":false,"_EventAllDay":false,"_EventTimezone":"","_EventStartDate":"","_EventEndDate":"","_EventStartDateUTC":"","_EventEndDateUTC":"","_EventShowMap":false,"_EventShowMapLink":false,"_EventURL":"","_EventCost":"","_EventCostDescription":"","_EventCurrencySymbol":"","_EventCurrencyCode":"","_EventCurrencyPosition":"","_EventDateTimeSeparator":"","_EventTimeRangeSeparator":"","_EventOrganizerID":[],"_EventVenueID":[],"_OrganizerEmail":"","_OrganizerPhone":"","_OrganizerWebsite":"","_VenueAddress":"","_VenueCity":"","_VenueCountry":"","_VenueProvince":"","_VenueState":"","_VenueZip":"","_VenuePhone":"","_VenueURL":"","_VenueStateProvince":"","_VenueLat":"","_VenueLng":"","_VenueShowMap":false,"_VenueShowMapLink":false,"footnotes":""},"class_list":["post-22","page","type-page","status-publish","hentry"],"ticketed":false,"_links":{"self":[{"href":"https:\/\/theenglishchurcheast.com\/en\/wp-json\/wp\/v2\/pages\/22","targetHints":{"allow":["GET"]}}],"collection":[{"href":"https:\/\/theenglishchurcheast.com\/en\/wp-json\/wp\/v2\/pages"}],"about":[{"href":"https:\/\/theenglishchurcheast.com\/en\/wp-json\/wp\/v2\/types\/page"}],"author":[{"embeddable":true,"href":"https:\/\/theenglishchurcheast.com\/en\/wp-json\/wp\/v2\/users\/1"}],"replies":[{"embeddable":true,"href":"https:\/\/theenglishchurcheast.com\/en\/wp-json\/wp\/v2\/comments?post=22"}],"version-history":[{"count":15,"href":"https:\/\/theenglishchurcheast.com\/en\/wp-json\/wp\/v2\/pages\/22\/revisions"}],"predecessor-version":[{"id":1106,"href":"https:\/\/theenglishchurcheast.com\/en\/wp-json\/wp\/v2\/pages\/22\/revisions\/1106"}],"wp:attachment":[{"href":"https:\/\/theenglishchurcheast.com\/en\/wp-json\/wp\/v2\/media?parent=22"}],"curies":[{"name":"wp","href":"https:\/\/api.w.org\/{rel}","templated":true}]}}