{"id":59,"date":"2021-12-07T17:27:41","date_gmt":"2021-12-07T17:27:41","guid":{"rendered":"https:\/\/websitebuilder-demo.net\/scooterrental\/?page_id=59"},"modified":"2024-09-12T21:44:23","modified_gmt":"2024-09-12T21:44:23","slug":"demo-contact","status":"publish","type":"page","link":"https:\/\/theenglishchurcheast.com\/en\/demo-contact\/","title":{"rendered":"Contact"},"content":{"rendered":"<div class=\"brz-root__container brz-reset-all brz\">\n<section id=\"vzkbwsolxpwrvmewsfpfdmioytpxjwjvjrtg\" class=\"brz-section brz-css-jeNeB\">\n<div class=\"brz-section__content brz-section--boxed brz-css-bqD6y brz-css-ggGr5\" data-brz-custom-id=\"ydqkuvouoxbpmmcxdgfuintgsyzcutxfabuv\">\n<div class=\"brz-bg\">\n<div class=\"brz-bg-color\"><\/div>\n<\/div>\n<div class=\"brz-container brz-css-dQ_oQ brz-css-a9Ob7\">\n<div class=\"brz-row__container brz-css-h0DSO\" data-brz-custom-id=\"yrbfpxjakybztpxvnuhquxakaslhbqudwzim\">\n<div class=\"brz-bg\"><\/div>\n<div class=\"brz-row brz-css-jxgsR brz-css-zbct6\">\n<div class=\"brz-columns brz-css-eY7sp brz-css-xotor\" data-brz-custom-id=\"epnctjgaunhtsivnuhiauhzijcurbppftazd\">\n<div class=\"brz-bg\">\n<div class=\"brz-bg-image\"><\/div>\n<div class=\"brz-bg-color\"><\/div>\n<\/div>\n<div class=\"brz-column__items brz-css-tEdQI brz-css-mVQR4\">\n<div id=\"\" class=\"brz-css-fuRlS brz-css-v7zIp brz-wrapper\">\n<div class=\"brz-rich-text brz-rich-text__custom brz-css-m6Zqt\" data-brz-custom-id=\"tnpjsmhmnxuvdriubiesjiosckciazyawpjj\">\n<div data-brz-translate-text=\"1\">\n<p class=\"brz-tp-lg-abovetitle brz-text-lg-center brz-css-zBFUm\" data-uniq-id=\"bsrdj\" data-generated-css=\"brz-css-daoom\"><span class=\"brz-cp-color8\">Que gusto tenerte aqu\u00ed<\/span><\/p>\n<\/div>\n<\/div>\n<\/div>\n<div id=\"\" class=\"brz-css-fuRlS brz-css-uy2tl brz-wrapper\">\n<div class=\"brz-spacer brz-css-iEPqX brz-css-m7Ha7\"><\/div>\n<\/div>\n<div id=\"\" class=\"brz-css-fuRlS brz-css-p6id9 brz-wrapper\">\n<div class=\"brz-rich-text brz-rich-text__custom brz-css-m6Zqt\" data-brz-custom-id=\"ivpidisiwjjbiumloyeundapwcmiwylvdxej\">\n<div data-brz-translate-text=\"1\">\n<p class=\"brz-tp-lg-heading2 brz-text-lg-center brz-css-yqz8R\" data-uniq-id=\"zcaks\" data-generated-css=\"brz-css-tsiup\"><span class=\"brz-cp-color8\">Bienvenido a la familia TECE<\/span><\/p>\n<\/div>\n<\/div>\n<\/div>\n<\/div>\n<\/div>\n<\/div>\n<\/div>\n<\/div>\n<\/div>\n<\/section>\n<section id=\"fbgovocvrclxludjtrgxxuwtvptpgcybnvyb\" class=\"brz-section brz-css-jeNeB\">\n<div class=\"brz-section__content brz-section--boxed brz-css-bqD6y brz-css-h_YoX\" data-brz-custom-id=\"pyrxiipvqrhmrxgwrjfmjqjnrtrwhvbnchkn\">\n<div class=\"brz-bg\">\n<div class=\"brz-bg-color\"><\/div>\n<\/div>\n<div class=\"brz-container brz-css-dQ_oQ\">\n<div class=\"brz-row__container brz-css-h0DSO\" data-brz-custom-id=\"fkvtbmymexidyvzsnzyqzjdkbzprmwnzrvwd\">\n<div class=\"brz-bg\"><\/div>\n<div class=\"brz-row brz-css-jxgsR brz-css-zbct6\">\n<div class=\"brz-columns brz-css-eY7sp brz-css-hBLsJ\" data-brz-custom-id=\"xholwqbsnnebnokctwqnxvxfclvzsdxpnldp\">\n<div class=\"brz-bg\"><\/div>\n<div class=\"brz-column__items brz-css-tEdQI brz-css-eBK37\">\n<div id=\"\" class=\"brz-css-fuRlS brz-css-uy2tl brz-css-sCGPJ brz-wrapper\">\n<div class=\"brz-spacer brz-css-iEPqX\"><\/div>\n<\/div>\n<div id=\"\" class=\"brz-css-fuRlS brz-css-sN8cK brz-wrapper\">\n<div class=\"brz-rich-text brz-rich-text__custom brz-css-m6Zqt\" data-brz-custom-id=\"xxezgynjavhwoekhdjbnkffynmycwifmwvyd\">\n<div data-brz-translate-text=\"1\">\n<p class=\"brz-text-lg-left brz-fss-lg-px brz-fw-lg-800 brz-ls-lg-0 brz-lh-lg-1_4 brz-tp-lg-empty brz-ff-poppins brz-ft-google brz-fs-lg-48 brz-css-aN0RP\" data-generated-css=\"brz-css-ippxj\" data-uniq-id=\"surki\">Reuniones<\/p>\n<\/div>\n<\/div>\n<\/div>\n<div id=\"\" class=\"brz-css-fuRlS brz-css-uy2tl brz-wrapper\">\n<div class=\"brz-spacer brz-css-iEPqX brz-css-e0lVE\"><\/div>\n<\/div>\n<div id=\"\" class=\"brz-css-fuRlS brz-css-p5N6b brz-wrapper\">\n<div class=\"brz-rich-text brz-rich-text__custom brz-css-m6Zqt\" data-brz-custom-id=\"ntnzomtmfuqwgcscblrswfpaityejepyrdgv\">\n<div data-brz-translate-text=\"1\">\n<p class=\"brz-lh-lg-1_9 brz-ls-lg-0 brz-fw-lg-400 brz-fss-lg-px brz-fs-lg-16 brz-ft-google brz-ff-poppins brz-tp-lg-empty brz-css-oTZDd\" data-generated-css=\"brz-css-wzbwp\" data-uniq-id=\"sgvea\"><strong class=\"brz-cp-color7\">Servicios de Adoraci\u00f3n <\/strong><span class=\"brz-cp-color7\">Domingos: 10:00 am a 12:00 pm<\/span><\/p>\n<p class=\"brz-lh-lg-1_9 brz-ls-lg-0 brz-fw-lg-400 brz-fss-lg-px brz-fs-lg-16 brz-ft-google brz-ff-poppins brz-tp-lg-empty brz-css-vn78C\" data-generated-css=\"brz-css-vntfc\" data-uniq-id=\"nfpdy\"><strong class=\"brz-cp-color7\">Estudio B\u00edblico General <\/strong><\/p>\n<p class=\"brz-lh-lg-1_9 brz-ls-lg-0 brz-fw-lg-400 brz-fss-lg-px brz-fs-lg-16 brz-ft-google brz-ff-poppins brz-tp-lg-empty brz-css-m0nGF\" data-generated-css=\"brz-css-bjjwn\" data-uniq-id=\"grcpq\"><span class=\"brz-cp-color7\">Jueves 7:00 pm a 8:00 pm<\/span><\/p>\n<p class=\"brz-lh-lg-1_9 brz-ls-lg-0 brz-fw-lg-400 brz-fss-lg-px brz-fs-lg-16 brz-ft-google brz-ff-poppins brz-tp-lg-empty brz-css-m9hwX\" data-generated-css=\"brz-css-fswia\" data-uniq-id=\"fyjhn\"><strong class=\"brz-cp-color7\">Estudio B\u00edblico para Adolescentes<\/strong><\/p>\n<p class=\"brz-lh-lg-1_9 brz-ls-lg-0 brz-fw-lg-400 brz-fss-lg-px brz-fs-lg-16 brz-ft-google brz-ff-poppins brz-tp-lg-empty brz-css-c9wAy\" data-generated-css=\"brz-css-fswia\" data-uniq-id=\"fyjhn\"><span class=\"brz-cp-color7\">Viernes 7:00 pm a 8:30 pm<\/span><\/p>\n<\/div>\n<\/div>\n<\/div>\n<div id=\"\" class=\"brz-css-fuRlS brz-css-uy2tl brz-wrapper\">\n<div class=\"brz-spacer brz-css-iEPqX brz-css-gjbYl\"><\/div>\n<\/div>\n<div id=\"\" class=\"brz-css-fuRlS brz-css-qWiGi brz-wrapper\">\n<div class=\"brz-rich-text brz-rich-text__custom brz-css-m6Zqt\" data-brz-custom-id=\"gtvvgffgabbnmwbvcouqnknjnrqdvlvzuvou\">\n<div data-brz-translate-text=\"1\">\n<p data-uniq-id=\"chlgj\" data-generated-css=\"brz-css-jzdrl\" class=\"brz-fss-lg-px brz-fw-lg-500 brz-ls-lg-0 brz-lh-lg-1_7 brz-tp-lg-empty brz-ff-poppins brz-ft-google brz-fs-lg-17 brz-css-oVl6x\"><strong class=\"brz-cp-color3\">809-709-9616 \/ 849-207-8504<\/strong><\/p>\n<\/div>\n<\/div>\n<\/div>\n<\/div>\n<\/div>\n<div class=\"brz-columns brz-css-eY7sp brz-css-pxL57\" data-brz-custom-id=\"uegguvvdyckbpmnujhkbvbzhzmggndhzclaw\">\n<div class=\"brz-bg\">\n<div class=\"brz-bg-color\"><\/div>\n<\/div>\n<div class=\"brz-column__items brz-css-tEdQI brz-css-vEkXg\">\n<div id=\"\" class=\"brz-css-fuRlS brz-css-swaEG brz-wrapper\">\n<div data-brz-form-version=\"2\" class=\"brz-forms2 brz-css-usj6I brz-css-tILMN\" data-brz-custom-id=\"zidfznitbvlvaryqtggsrwqhnkhpvkiaydry\">\n<div data-brz-translate-text=\"1\" class=\"brz-forms2__item brz-css-mMsT3 brz-css-nFDRH brz-css-uHDc9 brz-css-f9JCF\"><\/div>\n<div data-brz-translate-text=\"1\" class=\"brz-forms2__item brz-css-mMsT3 brz-css-nFDRH brz-css-uHDc9 brz-css-g1tuc\"><\/div>\n<div data-brz-translate-text=\"1\" class=\"brz-forms2__item brz-css-mMsT3 brz-css-nFDRH brz-css-uHDc9 brz-css-y00Df\"><\/div>\n<div data-brz-translate-text=\"1\" class=\"brz-forms2__item brz-css-mMsT3 brz-css-nFDRH brz-css-uHDc9 brz-css-zCQLm\"><\/div>\n<div data-brz-translate-text=\"1\" class=\"brz-forms2__item brz-css-mMsT3 brz-css-nFDRH brz-css-uHDc9 brz-css-zLKU5\"><textarea id=\"bSC7v6fIWGRY\" name=\"nihirnsydtaceaktalanezhmuxnfnurnexzk\" data-brz-type=\"Paragraph\" data-brz-label=\"Escribir Mensaje\" data-brz-placeholder=\"Escribir Mensaje\" class=\"brz-textarea brz-forms2__field brz-forms2__field-paragraph\"><\/textarea><\/div>\n<div class=\"brz-forms2 brz-forms2__item brz-forms2__item-button\" data-brz-custom-id=\"zidfznitbvlvaryqtggsrwqhnkhpvkiaydry\"><button class=\"brz-btn brz-btn-submit brz-css-rCcYq brz-css-iOoCL\" data-brz-custom-id=\"devnoccjihlhnnzkywwgvzisfvgqlgqfxtwl\"><span data-brz-translate-text=\"1\" class=\"brz-span brz-text__editor\">Enviar Mensaje<\/span><\/button><\/div>\n<\/div>\n<\/div>\n<\/div>\n<\/div>\n<\/div>\n<\/div>\n<\/div>\n<\/div>\n<\/section>\n<section id=\"zidbyetbnkymfjtqgidpmjhdgociniwnbqtm\" class=\"brz-section brz-css-jeNeB\">\n<div class=\"brz-section__content brz-section--boxed brz-css-bqD6y brz-css-qBGPv\" data-brz-custom-id=\"tmmzmspcwurhkrhzshgfcsbthprpfjtftmzx\">\n<div class=\"brz-bg\">\n<div class=\"brz-bg-map\"><\/div>\n<\/div>\n<div class=\"brz-container brz-css-dQ_oQ\">\n<div class=\"brz-row__container brz-css-h0DSO\" data-brz-custom-id=\"hvmwgapbcdvcvglnuohokgmhogjmodcmfwrg\">\n<div class=\"brz-bg\"><\/div>\n<div class=\"brz-row brz-css-jxgsR brz-css-zbct6\">\n<div class=\"brz-columns brz-css-eY7sp brz-css-u20y6\" data-brz-custom-id=\"wnkjsctajouyrqavsyerofmjgbplnqxvqsak\">\n<div class=\"brz-bg\"><\/div>\n<div class=\"brz-column__items brz-css-tEdQI\">\n<div id=\"\" class=\"brz-css-fuRlS brz-css-uy2tl brz-wrapper\">\n<div class=\"brz-spacer brz-css-iEPqX brz-css-mxS2r\"><\/div>\n<\/div>\n<\/div>\n<\/div>\n<div class=\"brz-columns brz-css-eY7sp brz-css-fx2YX\" data-brz-custom-id=\"fnkvtmpiefilpjihpompcngfbwjaxzuukxzd\">\n<div class=\"brz-bg\">\n<div class=\"brz-bg-color\"><\/div>\n<\/div>\n<div class=\"brz-column__items brz-css-tEdQI brz-css-mTqgZ\">\n<div id=\"\" class=\"brz-css-fuRlS brz-css-uWKCS brz-wrapper\">\n<div class=\"brz-rich-text brz-rich-text__custom brz-css-m6Zqt\" data-brz-custom-id=\"blvevcltoerslabbyiwcbkspofmmukxammhv\">\n<div data-brz-translate-text=\"1\">\n<p class=\"brz-text-lg-left brz-tp-lg-heading3 brz-css-z3gKp\" data-generated-css=\"brz-css-qiqag\" data-uniq-id=\"wlbgo\"><strong class=\"brz-cp-color8\">\u00a1Te Estamos Esperando!<\/strong><\/p>\n<\/div>\n<\/div>\n<\/div>\n<div id=\"\" class=\"brz-css-fuRlS brz-css-uy2tl brz-wrapper\">\n<div class=\"brz-spacer brz-css-iEPqX brz-css-fYBGI\"><\/div>\n<\/div>\n<div id=\"\" class=\"brz-css-fuRlS brz-css-himpK brz-wrapper\">\n<div class=\"brz-rich-text brz-rich-text__custom brz-css-m6Zqt\" data-brz-custom-id=\"uedvjzdzvqzeaccgumumwwouojyrejcnrfbk\">\n<div data-brz-translate-text=\"1\">\n<p class=\"brz-tp-lg-abovetitle brz-text-lg-left brz-css-rRa6q\" data-generated-css=\"brz-css-mhnkg\" data-uniq-id=\"jxxga\"><span class=\"brz-cp-color8\">Se parte de nuestras reuniones<\/span><\/p>\n<\/div>\n<\/div>\n<\/div>\n<div id=\"\" class=\"brz-css-fuRlS brz-css-uy2tl brz-wrapper\">\n<div class=\"brz-spacer brz-css-iEPqX brz-css-y2KcN\"><\/div>\n<\/div>\n<div id=\"\" class=\"brz-css-fuRlS brz-css-o6idu brz-wrapper\">\n<div class=\"brz-rich-text brz-rich-text__custom brz-css-m6Zqt\" data-brz-custom-id=\"dpihvgcnpolkuxevmtimcatsxgytkappopqb\">\n<div data-brz-translate-text=\"1\">\n<p class=\"brz-text-lg-left brz-fss-lg-px brz-fw-lg-500 brz-ls-lg-m_0_5 brz-lh-lg-1_5 brz-tp-lg-empty brz-ff-poppins brz-ft-google brz-fs-lg-15 brz-css-dWzPM\" data-generated-css=\"brz-css-klldw\" data-uniq-id=\"fozti\"><span class=\"brz-cp-color8\">Calle Club Rotario 282, Santo Domingo Rep\u00fablica Dominicana.<\/span><\/p>\n<\/div>\n<\/div>\n<\/div>\n<div id=\"\" class=\"brz-css-fuRlS brz-css-uy2tl brz-wrapper\">\n<div class=\"brz-spacer brz-css-iEPqX brz-css-w2qn_\"><\/div>\n<\/div>\n<div class=\"brz-wrapper-clone brz-css-vo0Fc brz-css-pTVuy\">\n<div class=\"brz-d-xs-flex brz-flex-xs-wrap brz-css-n_28H brz-css-sulc3\" data-brz-custom-id=\"\">\n<div class=\"brz-wrapper-clone__item\" id=\"lyvqhgnbyhotjyefzmhqyrrkcouvuahaxkwk\"><a class=\"brz-a brz-btn brz-css-rCcYq brz-css-dDJ0C\" href=\"https:\/\/theenglishchurcheast.com\/en\/contacto\/\" target=\"_self\" rel=\"noopener\" data-brz-link-type=\"external\" data-brz-custom-id=\"lyvqhgnbyhotjyefzmhqyrrkcouvuahaxkwk\"><span data-brz-translate-text=\"1\" class=\"brz-span brz-text__editor\">Contacto<\/span><\/a><\/div>\n<\/div>\n<\/div>\n<\/div>\n<\/div>\n<\/div>\n<\/div>\n<\/div>\n<\/div>\n<\/section>\n<\/div>\n<p>    <!-- version:1726177463 --><\/p>","protected":false},"excerpt":{"rendered":"<p>Que gusto tenerte aqu\u00ed Bienvenido a la familia TECE Reuniones Servicios de Adoraci\u00f3n Domingos: 10:00 am a 12:00 pm Estudio B\u00edblico General Jueves 7:00 pm a 8:00 pm Estudio B\u00edblico [&hellip;]<\/p>","protected":false},"author":1,"featured_media":0,"parent":0,"menu_order":0,"comment_status":"closed","ping_status":"closed","template":"brizy-blank-template.php","meta":{"_price":"","_stock":"","_tribe_ticket_header":"","_tribe_default_ticket_provider":"","_tribe_ticket_capacity":"0","_ticket_start_date":"","_ticket_end_date":"","_tribe_ticket_show_description":"","_tribe_ticket_show_not_going":false,"_tribe_ticket_use_global_stock":"","_tribe_ticket_global_stock_level":"","_global_stock_mode":"","_global_stock_cap":"","_tribe_rsvp_for_event":"","_tribe_ticket_going_count":"","_tribe_ticket_not_going_count":"","_tribe_tickets_list":"[]","_tribe_ticket_has_attendee_info_fields":false,"_EventAllDay":false,"_EventTimezone":"","_EventStartDate":"","_EventEndDate":"","_EventStartDateUTC":"","_EventEndDateUTC":"","_EventShowMap":false,"_EventShowMapLink":false,"_EventURL":"","_EventCost":"","_EventCostDescription":"","_EventCurrencySymbol":"","_EventCurrencyCode":"","_EventCurrencyPosition":"","_EventDateTimeSeparator":"","_EventTimeRangeSeparator":"","_EventOrganizerID":[],"_EventVenueID":[],"_OrganizerEmail":"","_OrganizerPhone":"","_OrganizerWebsite":"","_VenueAddress":"","_VenueCity":"","_VenueCountry":"","_VenueProvince":"","_VenueState":"","_VenueZip":"","_VenuePhone":"","_VenueURL":"","_VenueStateProvince":"","_VenueLat":"","_VenueLng":"","_VenueShowMap":false,"_VenueShowMapLink":false,"footnotes":""},"class_list":["post-59","page","type-page","status-publish","hentry"],"ticketed":false,"_links":{"self":[{"href":"https:\/\/theenglishchurcheast.com\/en\/wp-json\/wp\/v2\/pages\/59","targetHints":{"allow":["GET"]}}],"collection":[{"href":"https:\/\/theenglishchurcheast.com\/en\/wp-json\/wp\/v2\/pages"}],"about":[{"href":"https:\/\/theenglishchurcheast.com\/en\/wp-json\/wp\/v2\/types\/page"}],"author":[{"embeddable":true,"href":"https:\/\/theenglishchurcheast.com\/en\/wp-json\/wp\/v2\/users\/1"}],"replies":[{"embeddable":true,"href":"https:\/\/theenglishchurcheast.com\/en\/wp-json\/wp\/v2\/comments?post=59"}],"version-history":[{"count":6,"href":"https:\/\/theenglishchurcheast.com\/en\/wp-json\/wp\/v2\/pages\/59\/revisions"}],"predecessor-version":[{"id":587,"href":"https:\/\/theenglishchurcheast.com\/en\/wp-json\/wp\/v2\/pages\/59\/revisions\/587"}],"wp:attachment":[{"href":"https:\/\/theenglishchurcheast.com\/en\/wp-json\/wp\/v2\/media?parent=59"}],"curies":[{"name":"wp","href":"https:\/\/api.w.org\/{rel}","templated":true}]}}