{"id":869,"date":"2024-01-13T06:06:20","date_gmt":"2024-01-13T06:06:20","guid":{"rendered":"https:\/\/theenglishchurcheast.com\/?page_id=869"},"modified":"2024-01-13T06:06:20","modified_gmt":"2024-01-13T06:06:20","slug":"que-sigue","status":"publish","type":"page","link":"https:\/\/theenglishchurcheast.com\/en\/que-sigue\/","title":{"rendered":"\u00bfQu\u00e9 sigue?"},"content":{"rendered":"<p>\u00a1Felicidades! Has decidido dedicar tu vida a seguir a Jes\u00fas. Puede que te est\u00e9s preguntando qu\u00e9 es lo siguiente en tu viaje. \u00a1Queremos ayudar! \u00danete a nosotros mientras te guiamos hacia los siguientes pasos en tu camino con Cristo.<\/p>\n\n\n\n<h2 class=\"wp-block-heading has-text-align-center\">\u00bfQu\u00e9 significa seguir a Cristo?<\/h2>\n\n\n\n<p class=\"has-text-align-center\"><em>\"Tu vida ya no es tuya. Existes para la gloria de Dios\".<\/em><\/p>\n\n\n\n<h2 class=\"wp-block-heading\">Nuestro pecado<\/h2>\n\n\n\n<p>Todos nacemos con una naturaleza pecamina. Debido a nuestro pecado, no podemos tener una relaci\u00f3n con Dios sin perd\u00f3n.<\/p>\n\n\n\n<div class=\"wp-block-columns is-layout-flex wp-container-core-columns-is-layout-28f84493 wp-block-columns-is-layout-flex\">\n<div class=\"wp-block-column is-vertically-aligned-center has-background is-layout-flow wp-block-column-is-layout-flow\" style=\"background-color:#f2f2f2\">\n<p class=\"has-text-align-center\">Pues todos han pecado y est\u00e1n privados de la gloria de Dios. <strong>Romanos 3:23 NVI<\/strong><\/p>\n<\/div>\n<\/div>\n\n\n\n<h2 class=\"wp-block-heading\">Regalo de Dios<\/h2>\n\n\n\n<p>No podemos ganarnos el perd\u00f3n de Dios, debe ser dado. Jes\u00fas dio su vida como un sacrificio para que pudi\u00e9ramos ser perdonados.<\/p>\n\n\n\n<div class=\"wp-block-columns is-layout-flex wp-container-core-columns-is-layout-28f84493 wp-block-columns-is-layout-flex\">\n<div class=\"wp-block-column is-vertically-aligned-center has-background is-layout-flow wp-block-column-is-layout-flow\" style=\"background-color:#f2f2f2\">\n<p class=\"has-text-align-center\">Pero Dios demuestra su amor por nosotros en esto: en que cuando todav\u00eda \u00e9ramos pecadores, Cristo muri\u00f3 por nosotros. <strong>Romanos 5:8 NVI<\/strong><\/p>\n<\/div>\n<\/div>","protected":false},"excerpt":{"rendered":"<p>\u00a1Felicidades! Has decidido dedicar tu vida a seguir a Jes\u00fas. Puede que te est\u00e9s preguntando qu\u00e9 es lo siguiente en tu viaje. \u00a1Queremos ayudar! \u00danete a nosotros mientras te guiamos [&hellip;]<\/p>","protected":false},"author":2,"featured_media":0,"parent":0,"menu_order":0,"comment_status":"closed","ping_status":"closed","template":"","meta":{"_price":"","_stock":"","_tribe_ticket_header":"","_tribe_default_ticket_provider":"","_tribe_ticket_capacity":"0","_ticket_start_date":"","_ticket_end_date":"","_tribe_ticket_show_description":"","_tribe_ticket_show_not_going":false,"_tribe_ticket_use_global_stock":"","_tribe_ticket_global_stock_level":"","_global_stock_mode":"","_global_stock_cap":"","_tribe_rsvp_for_event":"","_tribe_ticket_going_count":"","_tribe_ticket_not_going_count":"","_tribe_tickets_list":"[]","_tribe_ticket_has_attendee_info_fields":false,"_EventAllDay":false,"_EventTimezone":"","_EventStartDate":"","_EventEndDate":"","_EventStartDateUTC":"","_EventEndDateUTC":"","_EventShowMap":false,"_EventShowMapLink":false,"_EventURL":"","_EventCost":"","_EventCostDescription":"","_EventCurrencySymbol":"","_EventCurrencyCode":"","_EventCurrencyPosition":"","_EventDateTimeSeparator":"","_EventTimeRangeSeparator":"","_EventOrganizerID":[],"_EventVenueID":[],"_OrganizerEmail":"","_OrganizerPhone":"","_OrganizerWebsite":"","_VenueAddress":"","_VenueCity":"","_VenueCountry":"","_VenueProvince":"","_VenueState":"","_VenueZip":"","_VenuePhone":"","_VenueURL":"","_VenueStateProvince":"","_VenueLat":"","_VenueLng":"","_VenueShowMap":false,"_VenueShowMapLink":false,"footnotes":""},"class_list":["post-869","page","type-page","status-publish","hentry"],"ticketed":false,"_links":{"self":[{"href":"https:\/\/theenglishchurcheast.com\/en\/wp-json\/wp\/v2\/pages\/869","targetHints":{"allow":["GET"]}}],"collection":[{"href":"https:\/\/theenglishchurcheast.com\/en\/wp-json\/wp\/v2\/pages"}],"about":[{"href":"https:\/\/theenglishchurcheast.com\/en\/wp-json\/wp\/v2\/types\/page"}],"author":[{"embeddable":true,"href":"https:\/\/theenglishchurcheast.com\/en\/wp-json\/wp\/v2\/users\/2"}],"replies":[{"embeddable":true,"href":"https:\/\/theenglishchurcheast.com\/en\/wp-json\/wp\/v2\/comments?post=869"}],"version-history":[{"count":1,"href":"https:\/\/theenglishchurcheast.com\/en\/wp-json\/wp\/v2\/pages\/869\/revisions"}],"predecessor-version":[{"id":871,"href":"https:\/\/theenglishchurcheast.com\/en\/wp-json\/wp\/v2\/pages\/869\/revisions\/871"}],"wp:attachment":[{"href":"https:\/\/theenglishchurcheast.com\/en\/wp-json\/wp\/v2\/media?parent=869"}],"curies":[{"name":"wp","href":"https:\/\/api.w.org\/{rel}","templated":true}]}}